{"id":1507,"date":"2025-05-12T10:57:14","date_gmt":"2025-05-12T08:57:14","guid":{"rendered":"https:\/\/attraitconcept.com\/?page_id=1507"},"modified":"2025-05-12T10:57:15","modified_gmt":"2025-05-12T08:57:15","slug":"toiture-vegetalisee","status":"publish","type":"page","link":"https:\/\/attraitconcept.com\/index.php\/toiture-vegetalisee\/","title":{"rendered":"Toiture v\u00e9g\u00e9talis\u00e9e"},"content":{"rendered":"","protected":false},"excerpt":{"rendered":"","protected":false},"author":1,"featured_media":0,"parent":0,"menu_order":0,"comment_status":"closed","ping_status":"closed","template":"toiture-vegetalisee","meta":{"footnotes":""},"_links":{"self":[{"href":"https:\/\/attraitconcept.com\/index.php\/wp-json\/wp\/v2\/pages\/1507"}],"collection":[{"href":"https:\/\/attraitconcept.com\/index.php\/wp-json\/wp\/v2\/pages"}],"about":[{"href":"https:\/\/attraitconcept.com\/index.php\/wp-json\/wp\/v2\/types\/page"}],"author":[{"embeddable":true,"href":"https:\/\/attraitconcept.com\/index.php\/wp-json\/wp\/v2\/users\/1"}],"replies":[{"embeddable":true,"href":"https:\/\/attraitconcept.com\/index.php\/wp-json\/wp\/v2\/comments?post=1507"}],"version-history":[{"count":1,"href":"https:\/\/attraitconcept.com\/index.php\/wp-json\/wp\/v2\/pages\/1507\/revisions"}],"predecessor-version":[{"id":1510,"href":"https:\/\/attraitconcept.com\/index.php\/wp-json\/wp\/v2\/pages\/1507\/revisions\/1510"}],"wp:attachment":[{"href":"https:\/\/attraitconcept.com\/index.php\/wp-json\/wp\/v2\/media?parent=1507"}],"curies":[{"name":"wp","href":"https:\/\/api.w.org\/{rel}","templated":true}]}}