{"id":1312,"date":"2025-03-06T10:40:09","date_gmt":"2025-03-06T09:40:09","guid":{"rendered":"https:\/\/attraitconcept.com\/?page_id=1312"},"modified":"2025-03-06T10:40:26","modified_gmt":"2025-03-06T09:40:26","slug":"amenagement-vegetal","status":"publish","type":"page","link":"https:\/\/attraitconcept.com\/index.php\/amenagement-vegetal\/","title":{"rendered":"Am\u00e9nagement v\u00e9g\u00e9tal"},"content":{"rendered":"","protected":false},"excerpt":{"rendered":"","protected":false},"author":1,"featured_media":0,"parent":0,"menu_order":0,"comment_status":"closed","ping_status":"closed","template":"amenagement-vegetal","meta":{"footnotes":""},"_links":{"self":[{"href":"https:\/\/attraitconcept.com\/index.php\/wp-json\/wp\/v2\/pages\/1312"}],"collection":[{"href":"https:\/\/attraitconcept.com\/index.php\/wp-json\/wp\/v2\/pages"}],"about":[{"href":"https:\/\/attraitconcept.com\/index.php\/wp-json\/wp\/v2\/types\/page"}],"author":[{"embeddable":true,"href":"https:\/\/attraitconcept.com\/index.php\/wp-json\/wp\/v2\/users\/1"}],"replies":[{"embeddable":true,"href":"https:\/\/attraitconcept.com\/index.php\/wp-json\/wp\/v2\/comments?post=1312"}],"version-history":[{"count":1,"href":"https:\/\/attraitconcept.com\/index.php\/wp-json\/wp\/v2\/pages\/1312\/revisions"}],"predecessor-version":[{"id":1314,"href":"https:\/\/attraitconcept.com\/index.php\/wp-json\/wp\/v2\/pages\/1312\/revisions\/1314"}],"wp:attachment":[{"href":"https:\/\/attraitconcept.com\/index.php\/wp-json\/wp\/v2\/media?parent=1312"}],"curies":[{"name":"wp","href":"https:\/\/api.w.org\/{rel}","templated":true}]}}